{"id":56026,"date":"2025-10-03T18:26:54","date_gmt":"2025-10-03T16:26:54","guid":{"rendered":"https:\/\/infraplan.cat\/nosaltres"},"modified":"2025-10-03T18:55:14","modified_gmt":"2025-10-03T16:55:14","slug":"nosotros","status":"publish","type":"page","link":"https:\/\/infraplan.cat\/es\/nosotros","title":{"rendered":"Nosotros"},"content":{"rendered":"<div class=\"wpb-content-wrapper\"><p>[vc_row][vc_column][vc_row_inner][vc_column_inner width=\u00bb1\/6&#8243;][\/vc_column_inner][vc_column_inner width=\u00bb2\/3&#8243;]<div id=\"ultimate-heading-15269f171c4c02c7\" class=\"uvc-heading ult-adjust-bottom-margin ultimate-heading-15269f171c4c02c7 uvc-350 accent-border-color\" data-hspacer=\"no_spacer\"  data-halign=\"center\" style=\"text-align:center\"><div class=\"uvc-heading-spacer no_spacer\" style=\"top\"><\/div><div class=\"uvc-main-heading ult-responsive\"  data-ultimate-target='.uvc-heading.ultimate-heading-15269f171c4c02c7 h2'  data-responsive-json-new='{\"font-size\":\"tablet_portrait:30px;\",\"line-height\":\"tablet_portrait:40px;\"}' ><h2 style=\"font-weight:bold;margin-bottom:30px;\">Infraplan Data Group<\/h2><\/div><div class=\"uvc-sub-heading ult-responsive\"  data-ultimate-target='.uvc-heading.ultimate-heading-15269f171c4c02c7 .uvc-sub-heading '  data-responsive-json-new='{\"font-size\":\"mobile_landscape:16px;\",\"line-height\":\"mobile_landscape:26px;\"}'  style=\"font-weight:normal;color:#333333;margin-bottom:70px;\"><\/p>\n<p class=\"ip-banner-grey-title\" style=\"text-align: center;\">Infraplan Data Group, un ecosistema de empresas que ofrecen soluciones de \u00faltima generaci\u00f3n a los principales agentes p\u00fablicos y privados gestores de ciudades e infraestructuras.<\/p>\n<p><\/div><\/div>[\/vc_column_inner][vc_column_inner width=\u00bb1\/6&#8243;][\/vc_column_inner][\/vc_row_inner][vc_row_inner equal_height=\u00bbyes\u00bb content_placement=\u00bbmiddle\u00bb][vc_column_inner width=\u00bb1\/2&#8243;][vc_column_text css=\u00bb\u00bb]Desde hace m\u00e1s de 20 a\u00f1os Infraplan participa en la mejora de todos los procesos relacionados con la gesti\u00f3n del territorio. El proyecto que iniciamos entonces, lo componen hoy m\u00e1s de 30 profesionales altamente cualificados.<\/p>\n<p>Ofrecemos soluciones especializadas en todas las ramas de la Ingenier\u00eda del Territorio. Los diversos clientes del sector p\u00fablico y privado conocen nuestra capacidad para tratar casos de gran complejidad de forma \u00e1gil y eficaz.<\/p>\n<p>Nuestros departamentos ofrecen las mejores soluciones para los distintos proyectos que se nos plantean. Apostamos por la calidad y la innovaci\u00f3n afrontando as\u00ed los nuevos retos de futuro.<\/p>\n<p>Toda nuestra actividad est\u00e1 dirigida a maximizar el potencial de los datos espaciales y textuales de nuestros clientes, por los que creamos modelos de datos con criterios de accesibilidad e interoperabilidad.[\/vc_column_text][\/vc_column_inner][vc_column_inner width=\u00bb1\/2&#8243;][vc_single_image image=\u00bb5285&#8243; img_size=\u00bbfull\u00bb css=\u00bb\u00bb][\/vc_column_inner][\/vc_row_inner][\/vc_column][\/vc_row][vc_row css=\u00bb.vc_custom_1746608610053{margin-top: 30px !important;}\u00bb][vc_column][vc_row_inner][vc_column_inner width=\u00bb1\/3&#8243;][vc_single_image image=\u00bb5014&#8243; img_size=\u00bbfull\u00bb alignment=\u00bbcenter\u00bb onclick=\u00bbcustom_link\u00bb img_link_target=\u00bb_blank\u00bb css=\u00bb\u00bb link=\u00bbhttps:\/\/www.mapia-technologies.com\/\u00bb][vc_column_text css=\u00bb\u00bb]<\/p>\n<p style=\"text-align: center;\">Plataforma tecnol\u00f3gica que optimiza y mejora todos los procesos vinculados a los datos geoespaciales.<\/p>\n<p>[\/vc_column_text][\/vc_column_inner][vc_column_inner width=\u00bb1\/3&#8243;][vc_single_image image=\u00bb5016&#8243; img_size=\u00bbfull\u00bb alignment=\u00bbcenter\u00bb onclick=\u00bbcustom_link\u00bb img_link_target=\u00bb_blank\u00bb css=\u00bb\u00bb link=\u00bbhttps:\/\/aiscad.com\/\u00bb][vc_column_text css=\u00bb\u00bb]<\/p>\n<p style=\"text-align: center;\">Partners y Distribuidores Oficiales de Software Bentley y Mapia.<\/p>\n<p>[\/vc_column_text][\/vc_column_inner][vc_column_inner width=\u00bb1\/3&#8243;][vc_single_image image=\u00bb5012&#8243; img_size=\u00bbfull\u00bb alignment=\u00bbcenter\u00bb onclick=\u00bbcustom_link\u00bb img_link_target=\u00bb_blank\u00bb css=\u00bb\u00bb link=\u00bbhttps:\/\/www.infraplan-geospatial.com\/\u00bb][vc_column_text css=\u00bb\u00bb]<\/p>\n<p style=\"text-align: center;\">El mejor servicio en gesti\u00f3n de informaci\u00f3n territorial.<\/p>\n<p>[\/vc_column_text][\/vc_column_inner][\/vc_row_inner][\/vc_column][\/vc_row][vc_section full_width=\u00bbstretch_row\u00bb css=\u00bb.vc_custom_1732638644471{background-color: #F6F6F6 !important;}\u00bb][vc_row equal_height=\u00bbyes\u00bb content_placement=\u00bbmiddle\u00bb type=\u00bbvc_default\u00bb margin_top=\u00bb5&#8243; margin_bottom=\u00bb10&#8243; css=\u00bb.vc_custom_1732638684447{padding-top: 70px !important;}\u00bb][vc_column]<div id=\"ultimate-heading-397969f171c4c0353\" class=\"uvc-heading ult-adjust-bottom-margin ultimate-heading-397969f171c4c0353 uvc-7890 accent-border-color\" data-hspacer=\"no_spacer\"  data-halign=\"center\" style=\"text-align:center\"><div class=\"uvc-heading-spacer no_spacer\" style=\"top\"><\/div><div class=\"uvc-main-heading ult-responsive\"  data-ultimate-target='.uvc-heading.ultimate-heading-397969f171c4c0353 h2'  data-responsive-json-new='{\"font-size\":\"tablet_portrait:30px;\",\"line-height\":\"tablet_portrait:40px;\"}' ><h2 style=\"font-weight:bold;margin-bottom:30px;\">Equipo Infraplan Data Group<\/h2><\/div><div class=\"uvc-sub-heading ult-responsive\"  data-ultimate-target='.uvc-heading.ultimate-heading-397969f171c4c0353 .uvc-sub-heading '  data-responsive-json-new='{\"font-size\":\"mobile_landscape:16px;\",\"line-height\":\"mobile_landscape:26px;\"}'  style=\"font-weight:normal;color:#333333;margin-bottom:70px;\"><\/p>\n<p class=\"ip-banner-grey-title\" style=\"text-align: center;\">Somos ingenieros, somos desarrolladores, somos consultores.<\/p>\n<p><\/div><\/div>[vc_column_text css=\u00bb\u00bb]Contamos con una estructura consolidada liderada por ingenieros e inform\u00e1ticos que se configura como una organizaci\u00f3n transversal, donde la tecnolog\u00eda es clave para garantizar el \u00e9xito y el rigor de los proyectos. Cada a\u00f1o dedicamos el 10% de nuestro tiempo al mejoramiento continuo de procesos con el fin de responder con innovaci\u00f3n y excelencia al compromiso firme asumido ante nuestros clientes. \u200b[\/vc_column_text][\/vc_column][\/vc_row][vc_row equal_height=\u00bbyes\u00bb content_placement=\u00bbmiddle\u00bb type=\u00bbvc_default\u00bb margin_top=\u00bb5&#8243; margin_bottom=\u00bb10&#8243; css=\u00bb.vc_custom_1732638717826{margin-bottom: 10px !important;padding-bottom: 40px !important;}\u00bb][vc_column width=\u00bb1\/2&#8243;][vc_column_text css=\u00bb\u00bb]<\/p>\n<p class=\"lead\">En Infraplan Data Group combinamos los siguientes perfiles:<\/p>\n<div class=\"row\"><\/div>\n<p>[\/vc_column_text][vc_row_inner][vc_column_inner width=\u00bb1\/2&#8243;]<div class=\"standard-arrow list-divider\"><ul>\n<li class=\"ip-ok\">Ingenieros<\/li>\n<li class=\"ip-ok\">Cart\u00f3grafos<\/li>\n<li class=\"ip-ok\">Inform\u00e1ticos<\/li>\n<li class=\"ip-ok\">Programadores<\/li>\n<li class=\"ip-ok\">Arquitectos<\/li>\n<li class=\"ip-ok\">Urbanistas<\/li>\n<\/ul>\n<\/div>[\/vc_column_inner][vc_column_inner width=\u00bb1\/2&#8243;]<div class=\"standard-arrow list-divider\"><ul>\n<li class=\"ip-ok\">Analistas de datos<\/li>\n<li class=\"ip-ok\">Consultores GIS<\/li>\n<li class=\"ip-ok\">Ge\u00f3grafos<\/li>\n<li class=\"ip-ok\">Top\u00f3grafos<\/li>\n<li class=\"ip-ok\">F\u00edsicos<\/li>\n<li class=\"ip-ok\">Matem\u00e1ticos<\/li>\n<\/ul>\n<\/div>[\/vc_column_inner][\/vc_row_inner][\/vc_column][vc_column width=\u00bb1\/2&#8243;]<style type=\"text\/css\" data-type=\"the7_shortcodes-inline-css\">.shortcode-single-image-wrap.shortcode-single-image-7de1e9e145c00d16158ed2780ed75ee8.enable-bg-rollover .rollover i,\n.shortcode-single-image-wrap.shortcode-single-image-7de1e9e145c00d16158ed2780ed75ee8.enable-bg-rollover .rollover-video i {\n  background: -webkit-linear-gradient();\n  background: linear-gradient();\n}\n.shortcode-single-image-wrap.shortcode-single-image-7de1e9e145c00d16158ed2780ed75ee8 .rollover-icon {\n  font-size: 32px;\n  color: #ffffff;\n  min-width: 44px;\n  min-height: 44px;\n  line-height: 44px;\n  border-radius: 100px;\n  border-style: solid;\n  border-width: 0px;\n}\n.dt-icon-bg-on.shortcode-single-image-wrap.shortcode-single-image-7de1e9e145c00d16158ed2780ed75ee8 .rollover-icon {\n  background: rgba(255,255,255,0.3);\n  box-shadow: none;\n}\n<\/style><div class=\"shortcode-single-image-wrap shortcode-single-image-7de1e9e145c00d16158ed2780ed75ee8 alignnone  enable-bg-rollover dt-icon-bg-off\" style=\"margin-top:0px; margin-bottom:0px; margin-left:0px; margin-right:0px; width:1000px;\"><div class=\"shortcode-single-image\"><div class=\"fancy-media-wrap  layzr-bg\" style=\"\"><img fetchpriority=\"high\" decoding=\"async\" class=\"preload-me lazy-load aspect\" src=\"data:image\/svg+xml,%3Csvg%20xmlns%3D&#39;http%3A%2F%2Fwww.w3.org%2F2000%2Fsvg&#39;%20viewBox%3D&#39;0%200%20600%20420&#39;%2F%3E\" data-src=\"https:\/\/infraplan.cat\/wp-content\/uploads\/2025\/05\/equip-infraplan-data-group-600x420.jpg\" data-srcset=\"https:\/\/infraplan.cat\/wp-content\/uploads\/2025\/05\/equip-infraplan-data-group-600x420.jpg 600w\" loading=\"eager\" sizes=\"(max-width: 600px) 100vw, 600px\" width=\"600\" height=\"420\"  data-dt-location=\"https:\/\/infraplan.cat\/es?attachment_id=55617\" style=\"--ratio: 600 \/ 420;\" alt=\"\" \/><\/div><\/div><\/div>[\/vc_column][\/vc_row][\/vc_section][vc_row full_width=\u00bbstretch_row\u00bb bg_type=\u00bbimage\u00bb parallax_style=\u00bbvcpb-vz-jquery\u00bb bg_image_new=\u00bbid^1900|url^https:\/\/infraplan-geospatial.com\/wp-content\/uploads\/2018\/06\/trade10.jpg|caption^null|alt^null|title^trade10|description^null\u00bb bg_img_attach=\u00bbfixed\u00bb enable_overlay=\u00bbenable_overlay_value\u00bb overlay_color=\u00bb#00000099&#8243; css=\u00bb.vc_custom_1734964312452{padding-top: 100px !important;padding-bottom: 100px !important;}\u00bb][vc_column]<div id=\"ultimate-heading-533669f171c4c59c7\" class=\"uvc-heading ult-adjust-bottom-margin ultimate-heading-533669f171c4c59c7 uvc-8286 \" data-hspacer=\"no_spacer\"  data-halign=\"center\" style=\"text-align:center\"><div class=\"uvc-heading-spacer no_spacer\" style=\"top\"><\/div><div class=\"uvc-main-heading ult-responsive\"  data-ultimate-target='.uvc-heading.ultimate-heading-533669f171c4c59c7 h2'  data-responsive-json-new='{\"font-size\":\"tablet_portrait:30px;\",\"line-height\":\"tablet_portrait:40px;\"}' ><h2 style=\"font-weight:bold;color:#ffffff;margin-bottom:30px;\">\u00bfQuieres trabajar con nosotros?<\/h2><\/div><div class=\"uvc-sub-heading ult-responsive\"  data-ultimate-target='.uvc-heading.ultimate-heading-533669f171c4c59c7 .uvc-sub-heading '  data-responsive-json-new='{\"font-size\":\"mobile_landscape:16px;\",\"line-height\":\"mobile_landscape:26px;\"}'  style=\"font-weight:normal;color:#ffffff;margin-bottom:40px;\"><\/p>\n<h3><span style=\"color: #ffffff;\">\u00danete al equipo de Infraplan Geospatial<\/span><\/h3>\n<p class=\"lead text-white\">Si te gusta lo que hacemos y te gustar\u00eda trabajar con nosotros env\u00edanos informaci\u00f3n. Consulta nuestras carreras profesionales y tecnolog\u00edas con las que trabajamos.<\/p>\n<p><\/div><\/div>[vc_row_inner][vc_column_inner width=\u00bb1\/4&#8243;][\/vc_column_inner][vc_column_inner width=\u00bb1\/2&#8243;]<style type=\"text\/css\" data-type=\"the7_shortcodes-inline-css\">#default-btn-020f09b9ddef94e20a08e9020e060c09.ico-right-side > i {\n  margin-right: 0px;\n  margin-left: 8px;\n}\n#default-btn-020f09b9ddef94e20a08e9020e060c09 > i {\n  margin-right: 8px;\n}\n<\/style><a href=\"https:\/\/infraplan-geospatial.com\/es\/servicios\/it-solutions\/tecnologias\" class=\"default-btn-shortcode dt-btn dt-btn-l link-hover-off btn-inline-left  vc_custom_1759510511544\" target=\"_blank\" id=\"default-btn-020f09b9ddef94e20a08e9020e060c09\" style=\"width:200px;\" title=\"Tecnologias\" rel=\"noopener\"><span>TECNOLOG\u00cdAS<\/span><\/a><style type=\"text\/css\" data-type=\"the7_shortcodes-inline-css\">#default-btn-f75d9ad5eff13879f220e68f57d04b5f.ico-right-side > i {\n  margin-right: 0px;\n  margin-left: 8px;\n}\n#default-btn-f75d9ad5eff13879f220e68f57d04b5f > i {\n  margin-right: 8px;\n}\n<\/style><a href=\"\/contacto\" class=\"default-btn-shortcode dt-btn dt-btn-l link-hover-off btn-inline-right  vc_custom_1734964348957\" id=\"default-btn-f75d9ad5eff13879f220e68f57d04b5f\" style=\"width:200px;\"><span>CONTACTO<\/span><\/a>[\/vc_column_inner][vc_column_inner width=\u00bb1\/4&#8243;][\/vc_column_inner][\/vc_row_inner][\/vc_column][\/vc_row]<\/p>\n<\/div>","protected":false},"excerpt":{"rendered":"<p>[vc_row][vc_column][vc_row_inner][vc_column_inner width=\u00bb1\/6&#8243;][\/vc_column_inner][vc_column_inner width=\u00bb2\/3&#8243;][\/vc_column_inner][vc_column_inner width=\u00bb1\/6&#8243;][\/vc_column_inner][\/vc_row_inner][vc_row_inner equal_height=\u00bbyes\u00bb content_placement=\u00bbmiddle\u00bb][vc_column_inner width=\u00bb1\/2&#8243;][vc_column_text css=\u00bb\u00bb]Desde hace m\u00e1s de 20 a\u00f1os Infraplan participa en la mejora de todos los procesos relacionados con la gesti\u00f3n del territorio. El proyecto que iniciamos entonces, lo componen hoy m\u00e1s de 30 profesionales altamente cualificados. Ofrecemos soluciones especializadas en todas las ramas de la Ingenier\u00eda del Territorio. Los&hellip;<\/p>\n","protected":false},"author":1,"featured_media":0,"parent":0,"menu_order":0,"comment_status":"closed","ping_status":"closed","template":"","meta":{"footnotes":""},"class_list":["post-56026","page","type-page","status-publish","hentry","description-off"],"yoast_head":"<!-- This site is optimized with the Yoast SEO plugin v25.4 - https:\/\/yoast.com\/wordpress\/plugins\/seo\/ -->\n<title>Nosotros - Infraplan Data Group<\/title>\n<meta name=\"robots\" content=\"index, follow, max-snippet:-1, max-image-preview:large, max-video-preview:-1\" \/>\n<link rel=\"canonical\" href=\"https:\/\/infraplan.cat\/es\/nosotros\" \/>\n<meta property=\"og:locale\" content=\"es_ES\" \/>\n<meta property=\"og:type\" content=\"article\" \/>\n<meta property=\"og:title\" content=\"Nosotros - Infraplan Data Group\" \/>\n<meta property=\"og:description\" content=\"[vc_row][vc_column][vc_row_inner][vc_column_inner width=\u00bb1\/6&#8243;][\/vc_column_inner][vc_column_inner width=\u00bb2\/3&#8243;][\/vc_column_inner][vc_column_inner width=\u00bb1\/6&#8243;][\/vc_column_inner][\/vc_row_inner][vc_row_inner equal_height=\u00bbyes\u00bb content_placement=\u00bbmiddle\u00bb][vc_column_inner width=\u00bb1\/2&#8243;][vc_column_text css=\u00bb\u00bb]Desde hace m\u00e1s de 20 a\u00f1os Infraplan participa en la mejora de todos los procesos relacionados con la gesti\u00f3n del territorio. El proyecto que iniciamos entonces, lo componen hoy m\u00e1s de 30 profesionales altamente cualificados. Ofrecemos soluciones especializadas en todas las ramas de la Ingenier\u00eda del Territorio. Los&hellip;\" \/>\n<meta property=\"og:url\" content=\"https:\/\/infraplan.cat\/es\/nosotros\" \/>\n<meta property=\"og:site_name\" content=\"Infraplan Data Group\" \/>\n<meta property=\"article:modified_time\" content=\"2025-10-03T16:55:14+00:00\" \/>\n<meta name=\"twitter:card\" content=\"summary_large_image\" \/>\n<meta name=\"twitter:label1\" content=\"Tiempo de lectura\" \/>\n\t<meta name=\"twitter:data1\" content=\"3 minutos\" \/>\n<script type=\"application\/ld+json\" class=\"yoast-schema-graph\">{\"@context\":\"https:\/\/schema.org\",\"@graph\":[{\"@type\":\"WebPage\",\"@id\":\"https:\/\/infraplan.cat\/es\/nosotros\",\"url\":\"https:\/\/infraplan.cat\/es\/nosotros\",\"name\":\"Nosotros - Infraplan Data Group\",\"isPartOf\":{\"@id\":\"https:\/\/infraplan.cat\/es#website\"},\"datePublished\":\"2025-10-03T16:26:54+00:00\",\"dateModified\":\"2025-10-03T16:55:14+00:00\",\"breadcrumb\":{\"@id\":\"https:\/\/infraplan.cat\/es\/nosotros#breadcrumb\"},\"inLanguage\":\"es\",\"potentialAction\":[{\"@type\":\"ReadAction\",\"target\":[\"https:\/\/infraplan.cat\/es\/nosotros\"]}]},{\"@type\":\"BreadcrumbList\",\"@id\":\"https:\/\/infraplan.cat\/es\/nosotros#breadcrumb\",\"itemListElement\":[{\"@type\":\"ListItem\",\"position\":1,\"name\":\"Inici\",\"item\":\"https:\/\/infraplan.cat\/es\"},{\"@type\":\"ListItem\",\"position\":2,\"name\":\"Nosotros\"}]},{\"@type\":\"WebSite\",\"@id\":\"https:\/\/infraplan.cat\/es#website\",\"url\":\"https:\/\/infraplan.cat\/es\",\"name\":\"Infraplan Data Group\",\"description\":\"Soluciones geoespaciales para gestores de ciudades e infraestructuras\",\"potentialAction\":[{\"@type\":\"SearchAction\",\"target\":{\"@type\":\"EntryPoint\",\"urlTemplate\":\"https:\/\/infraplan.cat\/es?s={search_term_string}\"},\"query-input\":{\"@type\":\"PropertyValueSpecification\",\"valueRequired\":true,\"valueName\":\"search_term_string\"}}],\"inLanguage\":\"es\"}]}<\/script>\n<!-- \/ Yoast SEO plugin. -->","yoast_head_json":{"title":"Nosotros - Infraplan Data Group","robots":{"index":"index","follow":"follow","max-snippet":"max-snippet:-1","max-image-preview":"max-image-preview:large","max-video-preview":"max-video-preview:-1"},"canonical":"https:\/\/infraplan.cat\/es\/nosotros","og_locale":"es_ES","og_type":"article","og_title":"Nosotros - Infraplan Data Group","og_description":"[vc_row][vc_column][vc_row_inner][vc_column_inner width=\u00bb1\/6&#8243;][\/vc_column_inner][vc_column_inner width=\u00bb2\/3&#8243;][\/vc_column_inner][vc_column_inner width=\u00bb1\/6&#8243;][\/vc_column_inner][\/vc_row_inner][vc_row_inner equal_height=\u00bbyes\u00bb content_placement=\u00bbmiddle\u00bb][vc_column_inner width=\u00bb1\/2&#8243;][vc_column_text css=\u00bb\u00bb]Desde hace m\u00e1s de 20 a\u00f1os Infraplan participa en la mejora de todos los procesos relacionados con la gesti\u00f3n del territorio. El proyecto que iniciamos entonces, lo componen hoy m\u00e1s de 30 profesionales altamente cualificados. Ofrecemos soluciones especializadas en todas las ramas de la Ingenier\u00eda del Territorio. Los&hellip;","og_url":"https:\/\/infraplan.cat\/es\/nosotros","og_site_name":"Infraplan Data Group","article_modified_time":"2025-10-03T16:55:14+00:00","twitter_card":"summary_large_image","twitter_misc":{"Tiempo de lectura":"3 minutos"},"schema":{"@context":"https:\/\/schema.org","@graph":[{"@type":"WebPage","@id":"https:\/\/infraplan.cat\/es\/nosotros","url":"https:\/\/infraplan.cat\/es\/nosotros","name":"Nosotros - Infraplan Data Group","isPartOf":{"@id":"https:\/\/infraplan.cat\/es#website"},"datePublished":"2025-10-03T16:26:54+00:00","dateModified":"2025-10-03T16:55:14+00:00","breadcrumb":{"@id":"https:\/\/infraplan.cat\/es\/nosotros#breadcrumb"},"inLanguage":"es","potentialAction":[{"@type":"ReadAction","target":["https:\/\/infraplan.cat\/es\/nosotros"]}]},{"@type":"BreadcrumbList","@id":"https:\/\/infraplan.cat\/es\/nosotros#breadcrumb","itemListElement":[{"@type":"ListItem","position":1,"name":"Inici","item":"https:\/\/infraplan.cat\/es"},{"@type":"ListItem","position":2,"name":"Nosotros"}]},{"@type":"WebSite","@id":"https:\/\/infraplan.cat\/es#website","url":"https:\/\/infraplan.cat\/es","name":"Infraplan Data Group","description":"Soluciones geoespaciales para gestores de ciudades e infraestructuras","potentialAction":[{"@type":"SearchAction","target":{"@type":"EntryPoint","urlTemplate":"https:\/\/infraplan.cat\/es?s={search_term_string}"},"query-input":{"@type":"PropertyValueSpecification","valueRequired":true,"valueName":"search_term_string"}}],"inLanguage":"es"}]}},"_links":{"self":[{"href":"https:\/\/infraplan.cat\/es\/wp-json\/wp\/v2\/pages\/56026","targetHints":{"allow":["GET"]}}],"collection":[{"href":"https:\/\/infraplan.cat\/es\/wp-json\/wp\/v2\/pages"}],"about":[{"href":"https:\/\/infraplan.cat\/es\/wp-json\/wp\/v2\/types\/page"}],"author":[{"embeddable":true,"href":"https:\/\/infraplan.cat\/es\/wp-json\/wp\/v2\/users\/1"}],"replies":[{"embeddable":true,"href":"https:\/\/infraplan.cat\/es\/wp-json\/wp\/v2\/comments?post=56026"}],"version-history":[{"count":5,"href":"https:\/\/infraplan.cat\/es\/wp-json\/wp\/v2\/pages\/56026\/revisions"}],"predecessor-version":[{"id":56035,"href":"https:\/\/infraplan.cat\/es\/wp-json\/wp\/v2\/pages\/56026\/revisions\/56035"}],"wp:attachment":[{"href":"https:\/\/infraplan.cat\/es\/wp-json\/wp\/v2\/media?parent=56026"}],"curies":[{"name":"wp","href":"https:\/\/api.w.org\/{rel}","templated":true}]}}