{"id":5153,"date":"2025-02-13T16:56:07","date_gmt":"2025-02-13T15:56:07","guid":{"rendered":"https:\/\/infraplan.cat\/politica-de-privacitat"},"modified":"2025-04-15T07:38:31","modified_gmt":"2025-04-15T07:38:31","slug":"politica-de-privacidad","status":"publish","type":"page","link":"https:\/\/infraplan.cat\/es\/politica-de-privacidad","title":{"rendered":"Pol\u00edtica de privacidad"},"content":{"rendered":"<p>En base a lo dispuesto en el Reglamento General de Protecci\u00f3n de Datos 2016\/679 (RGPD) la presente Pol\u00edtica de Privacidad establece los t\u00e9rminos en que <strong>Infraplan Data Group<\/strong> usa y protege la informaci\u00f3n que es proporcionada por sus usuarios en el momento de utilizar el sitio web. Cuando te pedimos informaci\u00f3n personal con la cual puedas ser identificado, lo hacemos asegurando que s\u00f3lo se emplear\u00e1 de acuerdo con los t\u00e9rminos de este documento. Sin embargo esta Pol\u00edtica de Privacidad puede cambiar con el tiempo o ser actualizada por lo que te <strong>recomendamos revisar continuamente esta p\u00e1gina<\/strong>\u00a0para asegurarte de que est\u00e1s de acuerdo con dichos cambios.<\/p>\n<h3>RESPONSABLE<\/h3>\n<h4>INFORMACI\u00d3N\u00a0EMPRESA<\/h4>\n<p><strong>Infraplan Data Group<\/strong><br \/>\n<strong>CIF:<\/strong>\u00a0B-62687140<\/p>\n<p><strong>Direcci\u00f3n Operativa:<\/strong>\u00a0Via Augusta 13-15, oficina 316,<br \/>\n08006 Barcelona<\/p>\n<p><strong>Tel\u00e9fono:<\/strong>\u00a0(+34) 93 487 01 82<br \/>\n<strong>Correo electr\u00f3nico: <a href=\"mailto:info@infraplan.cat\">info@infraplan.cat<\/a><\/strong><\/p>\n<h3>FINALIDAD<\/h3>\n<p>Nuestro sitio web podr\u00e1 recoger informaci\u00f3n personal por ejemplo: Nombre, informaci\u00f3n de contacto como tu direcci\u00f3n de correo electr\u00f3nico u otra informaci\u00f3n personal.<\/p>\n<p><strong>Infraplan Data Group<\/strong> s\u00f3lo podr\u00e1 recoger informaci\u00f3n para las siguientes finalidades:<\/p>\n<ul>\n<li>En caso de contrataci\u00f3n de servicios ofertados a trav\u00e9s del Sitio Web, para mantener la relaci\u00f3n contractual, as\u00ed como la gesti\u00f3n, administraci\u00f3n, informaci\u00f3n, prestaci\u00f3n y mejora del servicio.<\/li>\n<li>Env\u00edo de informaci\u00f3n solicitada a trav\u00e9s de los formularios dispuestos en el Sitio Web.<\/li>\n<li>Remitir boletines -newsletters- , as\u00ed como comunicaciones comerciales de promociones y\/o publicidad del Sitio Web.<\/li>\n<\/ul>\n<p>Recordamos que puedes oponerte al env\u00edo de comunicaciones comerciales en cualquier momento remitiendo un correo electr\u00f3nico a <a href=\"mailto:info@infraplan.cat\">info@infraplan.cat<\/a>.<\/p>\n<h3>LEGITIMIDAD<\/h3>\n<p>El tratamiento de tus datos se realiza con las siguientes bases jur\u00eddicas que legitiman el mismo:<\/p>\n<ul>\n<li>La solicitud de informaci\u00f3n y\/o la contrataci\u00f3n de los servicios de <strong>Infraplan Data Group<\/strong>, cuyos t\u00e9rminos y condiciones se pondr\u00e1n a tu disposici\u00f3n en todo caso, de forma previa a una eventual contrataci\u00f3n.<\/li>\n<li>El consentimiento libre, espec\u00edfico, informado e inequ\u00edvoco, en tanto que te informamos poniendo a tu disposici\u00f3n la presente pol\u00edtica de privacidad, que tras la lectura de la misma, en caso de estar conforme, puedes aceptar mediante una declaraci\u00f3n o una clara acci\u00f3n afirmativa, como el marcado de una casilla dispuesta al efecto.<\/li>\n<\/ul>\n<p>En caso de que no nos facilites tus datos o los hagas de forma err\u00f3nea o incompleta, no podremos atender tu solicitud, resultando del todo imposible proporcionarte la informaci\u00f3n solicitada o llevar a cabo la contrataci\u00f3n de los servicios.<\/p>\n<h3>PLAZO DE CONSERVACI\u00d3N DE DATOS<\/h3>\n<p>Los datos proporcionados se conservar\u00e1n mientras no se solicite el cese de la actividad, se mantenga la relaci\u00f3n comercial, durante los a\u00f1os necesarios para cumplir con las obligaciones legales o hasta que dejen de ser necesarios\u00a0o pertinentes para la finalidad para la que hubiesen sido recabados o registrados.<\/p>\n<h3>DESTINATARIOS<\/h3>\n<p><strong>Infraplan Data Group <\/strong>no vender\u00e1, ceder\u00e1 ni distribuir\u00e1 la informaci\u00f3n personal que es recopilada sin tu consentimiento, salvo que sea requerido por un juez con un orden judicial.<\/p>\n<h3>DERECHOS<\/h3>\n<p>Como interesado que nos has proporcionado tus datos personales, tienes pleno derecho a obtener confirmaci\u00f3n sobre si en <strong>Infraplan Data Group <\/strong>estamos tratando tus datos personales, y en concreto est\u00e1s facultado para ejercitar los siguientes derechos que la normativa en materia de protecci\u00f3n de datos te reconoce, conforme a lo previsto en la misma:<\/p>\n<ul>\n<li>Derecho de ACCESO a tus datos personales.<\/li>\n<li>Derechos de solicitar la RECTIFICACI\u00d3N de los datos inexactos.<\/li>\n<li>Derecho de solicitar su SUPRESI\u00d3N cuando, entre otros motivos, los datos ya no sean necesarios para los fines que fueron recogidos.<\/li>\n<li>En determinadas circunstancias, podr\u00e1s solicitar la LIMITACI\u00d3N DEL TRATAMIENTO de tus datos, en cuyo caso \u00fanicamente los conservaremos para el ejercicio o la defensa de reclamaciones.<\/li>\n<li>En determinadas circunstancias y por motivos relacionados con su situaci\u00f3n particular, los interesados podr\u00e1n ejercitar su derecho de OPOSICI\u00d3N al tratamiento de sus datos. Dejaremos de tratar los datos, salvo por motivos leg\u00edtimos imperiosos, o el ejercicio o la defensa de posibles reclamaciones.<\/li>\n<li>En determinadas circunstancias y por motivos relacionados con tu situaci\u00f3n particular, podr\u00e1s solicitar su derecho a la PORTABILIDAD de los datos.<\/li>\n<\/ul>\n<p>En cualquier momento puedes restringir la recopilaci\u00f3n o el uso de la informaci\u00f3n personal que es proporcionada a nuestro sitio web.\u00a0 Para hacerlo bastar\u00e1 con llamarnos al (+34) 93 487 01 82 o bien enviarnos un correo electr\u00f3nico a <a href=\"mailto:info@infraplan.cat\">info@infraplan.cat<\/a>.<\/p>\n<p>Adem\u00e1s, en caso de que se haya vulnerado cualquiera de tus derechos,\u00a0tienes derecho a presentar una reclamaci\u00f3n ante la Agencia Espa\u00f1ola de Protecci\u00f3n de Datos (AEPD), en C\/ Jorge Juan, 6, 28001-Madrid o a trav\u00e9s de la sede electr\u00f3nica de la AEPD:\u00a0<a href=\"https:\/\/sedeagpd.gob.es\/sede-electronica-web\/\" target=\"_blank\" rel=\"noopener noreferrer\">https:\/\/sedeagpd.gob.es\/sede-electronica-web\/<\/a><\/p>\n<h3>INFORMACI\u00d3N ADICIONAL<\/h3>\n<h4>ENLACES A TERCEROS<\/h4>\n<p>Este sitio web puede contener enlaces a otros sitios que\u00a0pueden ser de su inter\u00e9s. Una vez que hagas clic en estos enlaces y abandones nuestra p\u00e1gina, ya no tenemos control sobre al sitio al que\u00a0ser\u00e1s redirigido y por lo tanto no somos responsables de los t\u00e9rminos o privacidad ni de la protecci\u00f3n de\u00a0tus datos en esos otros sitios terceros. Dichos sitios est\u00e1n sujetos a sus propias pol\u00edticas de privacidad por lo cual es recomendable que las consulte para confirmar que\u00a0est\u00e1s de acuerdo con ellas.<\/p>\n<h4>SEGURIDAD DE LA INFORMACI\u00d3N RECOGIDA<\/h4>\n<p><strong>Infraplan Data Group <\/strong>est\u00e1 altamente comprometida para cumplir con el compromiso de mantener tu informaci\u00f3n segura. Usamos los sistemas m\u00e1s avanzados y los actualizamos constantemente para asegurarnos de que no exista ning\u00fan acceso no autorizado.<\/p>\n<h4>COOKIES<\/h4>\n<p>Las cookies son archivos que se pueden descargar en tu equipo a trav\u00e9s de las p\u00e1ginas web. Son herramientas que tienen un papel esencial para la prestaci\u00f3n de numerosos servicios de la sociedad de la informaci\u00f3n. Entre otros, permiten a una p\u00e1gina web almacenar y recuperar informaci\u00f3n sobre los h\u00e1bitos de navegaci\u00f3n de un usuario o de su equipo y, dependiendo de la informaci\u00f3n obtenida, se pueden utilizar para reconocer al usuario y mejorar el servicio ofrecido.<\/p>\n<p>Nuestro sitio web emplea las cookies para poder identificar las p\u00e1ginas que son visitadas y su frecuencia mediante Google Analytics. Esta informaci\u00f3n es empleada \u00fanicamente para an\u00e1lisis estad\u00edstico y despu\u00e9s la informaci\u00f3n se elimina de forma permanente. Puedes eliminar las cookies en cualquier momento desde\u00a0tu ordenador o bien\u00a0<a href=\"https:\/\/tools.google.com\/dlpage\/gaoptout\" target=\"_blank\" rel=\"noopener noreferrer\">instalar un complemento en tu navegador<\/a>\u00a0para evitar que\u00a0tus datos sean utilizados por Google Analytics. M\u00e1s informaci\u00f3n sobre nuestra\u00a0<a href=\"https:\/\/infraplan.cat\/es\/politica-de-cookies\" target=\"_blank\" rel=\"noopener\">Pol\u00edtica de Cookies<\/a>.<\/p>\n","protected":false},"excerpt":{"rendered":"<p>En base a lo dispuesto en el Reglamento General de Protecci\u00f3n de Datos 2016\/679 (RGPD) la presente Pol\u00edtica de Privacidad establece los t\u00e9rminos en que Infraplan Data Group usa y protege la informaci\u00f3n que es proporcionada por sus usuarios en el momento de utilizar el sitio web. Cuando te pedimos informaci\u00f3n personal con la cual&hellip;<\/p>\n","protected":false},"author":1,"featured_media":0,"parent":0,"menu_order":0,"comment_status":"closed","ping_status":"closed","template":"","meta":{"footnotes":""},"class_list":["post-5153","page","type-page","status-publish","hentry","description-off"],"yoast_head":"<!-- This site is optimized with the Yoast SEO plugin v25.4 - https:\/\/yoast.com\/wordpress\/plugins\/seo\/ -->\n<title>Pol\u00edtica de privacidad - Infraplan Data Group<\/title>\n<meta name=\"robots\" content=\"index, follow, max-snippet:-1, max-image-preview:large, max-video-preview:-1\" \/>\n<link rel=\"canonical\" href=\"https:\/\/infraplan.cat\/es\/politica-de-privacidad\" \/>\n<meta property=\"og:locale\" content=\"es_ES\" \/>\n<meta property=\"og:type\" content=\"article\" \/>\n<meta property=\"og:title\" content=\"Pol\u00edtica de privacidad - Infraplan Data Group\" \/>\n<meta property=\"og:description\" content=\"En base a lo dispuesto en el Reglamento General de Protecci\u00f3n de Datos 2016\/679 (RGPD) la presente Pol\u00edtica de Privacidad establece los t\u00e9rminos en que Infraplan Data Group usa y protege la informaci\u00f3n que es proporcionada por sus usuarios en el momento de utilizar el sitio web. Cuando te pedimos informaci\u00f3n personal con la cual&hellip;\" \/>\n<meta property=\"og:url\" content=\"https:\/\/infraplan.cat\/es\/politica-de-privacidad\" \/>\n<meta property=\"og:site_name\" content=\"Infraplan Data Group\" \/>\n<meta property=\"article:modified_time\" content=\"2025-04-15T07:38:31+00:00\" \/>\n<meta name=\"twitter:card\" content=\"summary_large_image\" \/>\n<meta name=\"twitter:label1\" content=\"Tiempo de lectura\" \/>\n\t<meta name=\"twitter:data1\" content=\"6 minutos\" \/>\n<script type=\"application\/ld+json\" class=\"yoast-schema-graph\">{\"@context\":\"https:\/\/schema.org\",\"@graph\":[{\"@type\":\"WebPage\",\"@id\":\"https:\/\/infraplan.cat\/es\/politica-de-privacidad\",\"url\":\"https:\/\/infraplan.cat\/es\/politica-de-privacidad\",\"name\":\"Pol\u00edtica de privacidad - Infraplan Data Group\",\"isPartOf\":{\"@id\":\"https:\/\/infraplan.cat\/es#website\"},\"datePublished\":\"2025-02-13T15:56:07+00:00\",\"dateModified\":\"2025-04-15T07:38:31+00:00\",\"breadcrumb\":{\"@id\":\"https:\/\/infraplan.cat\/es\/politica-de-privacidad#breadcrumb\"},\"inLanguage\":\"es\",\"potentialAction\":[{\"@type\":\"ReadAction\",\"target\":[\"https:\/\/infraplan.cat\/es\/politica-de-privacidad\"]}]},{\"@type\":\"BreadcrumbList\",\"@id\":\"https:\/\/infraplan.cat\/es\/politica-de-privacidad#breadcrumb\",\"itemListElement\":[{\"@type\":\"ListItem\",\"position\":1,\"name\":\"Inici\",\"item\":\"https:\/\/infraplan.cat\/es\"},{\"@type\":\"ListItem\",\"position\":2,\"name\":\"Pol\u00edtica de privacidad\"}]},{\"@type\":\"WebSite\",\"@id\":\"https:\/\/infraplan.cat\/es#website\",\"url\":\"https:\/\/infraplan.cat\/es\",\"name\":\"Infraplan Data Group\",\"description\":\"Soluciones geoespaciales para gestores de ciudades e infraestructuras\",\"potentialAction\":[{\"@type\":\"SearchAction\",\"target\":{\"@type\":\"EntryPoint\",\"urlTemplate\":\"https:\/\/infraplan.cat\/es?s={search_term_string}\"},\"query-input\":{\"@type\":\"PropertyValueSpecification\",\"valueRequired\":true,\"valueName\":\"search_term_string\"}}],\"inLanguage\":\"es\"}]}<\/script>\n<!-- \/ Yoast SEO plugin. -->","yoast_head_json":{"title":"Pol\u00edtica de privacidad - Infraplan Data Group","robots":{"index":"index","follow":"follow","max-snippet":"max-snippet:-1","max-image-preview":"max-image-preview:large","max-video-preview":"max-video-preview:-1"},"canonical":"https:\/\/infraplan.cat\/es\/politica-de-privacidad","og_locale":"es_ES","og_type":"article","og_title":"Pol\u00edtica de privacidad - Infraplan Data Group","og_description":"En base a lo dispuesto en el Reglamento General de Protecci\u00f3n de Datos 2016\/679 (RGPD) la presente Pol\u00edtica de Privacidad establece los t\u00e9rminos en que Infraplan Data Group usa y protege la informaci\u00f3n que es proporcionada por sus usuarios en el momento de utilizar el sitio web. Cuando te pedimos informaci\u00f3n personal con la cual&hellip;","og_url":"https:\/\/infraplan.cat\/es\/politica-de-privacidad","og_site_name":"Infraplan Data Group","article_modified_time":"2025-04-15T07:38:31+00:00","twitter_card":"summary_large_image","twitter_misc":{"Tiempo de lectura":"6 minutos"},"schema":{"@context":"https:\/\/schema.org","@graph":[{"@type":"WebPage","@id":"https:\/\/infraplan.cat\/es\/politica-de-privacidad","url":"https:\/\/infraplan.cat\/es\/politica-de-privacidad","name":"Pol\u00edtica de privacidad - Infraplan Data Group","isPartOf":{"@id":"https:\/\/infraplan.cat\/es#website"},"datePublished":"2025-02-13T15:56:07+00:00","dateModified":"2025-04-15T07:38:31+00:00","breadcrumb":{"@id":"https:\/\/infraplan.cat\/es\/politica-de-privacidad#breadcrumb"},"inLanguage":"es","potentialAction":[{"@type":"ReadAction","target":["https:\/\/infraplan.cat\/es\/politica-de-privacidad"]}]},{"@type":"BreadcrumbList","@id":"https:\/\/infraplan.cat\/es\/politica-de-privacidad#breadcrumb","itemListElement":[{"@type":"ListItem","position":1,"name":"Inici","item":"https:\/\/infraplan.cat\/es"},{"@type":"ListItem","position":2,"name":"Pol\u00edtica de privacidad"}]},{"@type":"WebSite","@id":"https:\/\/infraplan.cat\/es#website","url":"https:\/\/infraplan.cat\/es","name":"Infraplan Data Group","description":"Soluciones geoespaciales para gestores de ciudades e infraestructuras","potentialAction":[{"@type":"SearchAction","target":{"@type":"EntryPoint","urlTemplate":"https:\/\/infraplan.cat\/es?s={search_term_string}"},"query-input":{"@type":"PropertyValueSpecification","valueRequired":true,"valueName":"search_term_string"}}],"inLanguage":"es"}]}},"_links":{"self":[{"href":"https:\/\/infraplan.cat\/es\/wp-json\/wp\/v2\/pages\/5153","targetHints":{"allow":["GET"]}}],"collection":[{"href":"https:\/\/infraplan.cat\/es\/wp-json\/wp\/v2\/pages"}],"about":[{"href":"https:\/\/infraplan.cat\/es\/wp-json\/wp\/v2\/types\/page"}],"author":[{"embeddable":true,"href":"https:\/\/infraplan.cat\/es\/wp-json\/wp\/v2\/users\/1"}],"replies":[{"embeddable":true,"href":"https:\/\/infraplan.cat\/es\/wp-json\/wp\/v2\/comments?post=5153"}],"version-history":[{"count":2,"href":"https:\/\/infraplan.cat\/es\/wp-json\/wp\/v2\/pages\/5153\/revisions"}],"predecessor-version":[{"id":5155,"href":"https:\/\/infraplan.cat\/es\/wp-json\/wp\/v2\/pages\/5153\/revisions\/5155"}],"wp:attachment":[{"href":"https:\/\/infraplan.cat\/es\/wp-json\/wp\/v2\/media?parent=5153"}],"curies":[{"name":"wp","href":"https:\/\/api.w.org\/{rel}","templated":true}]}}